{"id":3,"date":"2025-11-24T02:55:40","date_gmt":"2025-11-24T02:55:40","guid":{"rendered":"https:\/\/lightgreen-owl-815366.hostingersite.com\/?page_id=3"},"modified":"2025-11-28T13:02:13","modified_gmt":"2025-11-28T13:02:13","slug":"politique-de-confidentialite","status":"publish","type":"page","link":"https:\/\/www.rcusedmachinery.com\/fr\/politique-de-confidentialite\/","title":{"rendered":"Politique de confidentialit\u00e9"},"content":{"rendered":"<div data-elementor-type=\"wp-page\" data-elementor-id=\"3\" class=\"elementor elementor-3\" data-elementor-post-type=\"page\">\n\t\t\t\t<div class=\"elementor-element elementor-element-a9ba85b e-flex e-con-boxed e-con e-parent\" data-id=\"a9ba85b\" data-element_type=\"container\" data-settings=\"{&quot;background_background&quot;:&quot;classic&quot;}\">\n\t\t\t\t\t<div class=\"e-con-inner\">\n\t\t\t\t<div class=\"elementor-element elementor-element-430e1c2 elementor-widget elementor-widget-heading\" data-id=\"430e1c2\" data-element_type=\"widget\" data-widget_type=\"heading.default\">\n\t\t\t\t<div class=\"elementor-widget-container\">\n\t\t\t\t\t<h1 class=\"elementor-heading-title elementor-size-default\"><a href=\"https:\/\/www.rcusedmachinery.com\/fr\/politique-de-confidentialite\/\">Politique de confidentialit\u00e9<\/a><\/h1>\t\t\t\t<\/div>\n\t\t\t\t<\/div>\n\t\t\t\t\t<\/div>\n\t\t\t\t<\/div>\n\t\t<div class=\"elementor-element elementor-element-429ad27 e-flex e-con-boxed e-con e-child\" data-id=\"429ad27\" data-element_type=\"container\" data-settings=\"{&quot;background_background&quot;:&quot;classic&quot;}\">\n\t\t\t\t\t<div class=\"e-con-inner\">\n\t\t\t\t<div class=\"elementor-element elementor-element-7a10f60 elementor-icon-list--layout-inline elementor-list-item-link-full_width elementor-widget elementor-widget-icon-list\" data-id=\"7a10f60\" data-element_type=\"widget\" data-widget_type=\"icon-list.default\">\n\t\t\t\t<div class=\"elementor-widget-container\">\n\t\t\t\t\t\t\t<ul class=\"elementor-icon-list-items elementor-inline-items\">\n\t\t\t\t\t\t\t<li class=\"elementor-icon-list-item elementor-inline-item\">\n\t\t\t\t\t\t\t\t\t\t\t<a href=\"https:\/\/www.rcusedmachinery.com\/fr\">\n\n\t\t\t\t\t\t\t\t\t\t\t\t<span class=\"elementor-icon-list-icon\">\n\t\t\t\t\t\t\t<svg aria-hidden=\"true\" class=\"e-font-icon-svg e-fas-home\" viewbox=\"0 0 576 512\" xmlns=\"http:\/\/www.w3.org\/2000\/svg\"><path d=\"M280.37 148.26L96 300.11V464a16 16 0 0 0 16 16l112.06-.29a16 16 0 0 0 15.92-16V368a16 16 0 0 1 16-16h64a16 16 0 0 1 16 16v95.64a16 16 0 0 0 16 16.05L464 480a16 16 0 0 0 16-16V300L295.67 148.26a12.19 12.19 0 0 0-15.3 0zM571.6 251.47L488 182.56V44.05a12 12 0 0 0-12-12h-56a12 12 0 0 0-12 12v72.61L318.47 43a48 48 0 0 0-61 0L4.34 251.47a12 12 0 0 0-1.6 16.9l25.5 31A12 12 0 0 0 45.15 301l235.22-193.74a12.19 12.19 0 0 1 15.3 0L530.9 301a12 12 0 0 0 16.9-1.6l25.5-31a12 12 0 0 0-1.7-16.93z\"><\/path><\/svg>\t\t\t\t\t\t<\/span>\n\t\t\t\t\t\t\t\t\t\t<span class=\"elementor-icon-list-text\">Accueil<\/span>\n\t\t\t\t\t\t\t\t\t\t\t<\/a>\n\t\t\t\t\t\t\t\t\t<\/li>\n\t\t\t\t\t\t\t\t<li class=\"elementor-icon-list-item elementor-inline-item\">\n\t\t\t\t\t\t\t\t\t\t\t<a href=\"https:\/\/www.rcusedmachinery.com\/fr\/politique-de-confidentialite\/\">\n\n\t\t\t\t\t\t\t\t\t\t\t\t<span class=\"elementor-icon-list-icon\">\n\t\t\t\t\t\t\t<svg aria-hidden=\"true\" class=\"e-font-icon-svg e-fas-chevron-right\" viewbox=\"0 0 320 512\" xmlns=\"http:\/\/www.w3.org\/2000\/svg\"><path d=\"M285.476 272.971L91.132 467.314c-9.373 9.373-24.569 9.373-33.941 0l-22.667-22.667c-9.357-9.357-9.375-24.522-.04-33.901L188.505 256 34.484 101.255c-9.335-9.379-9.317-24.544.04-33.901l22.667-22.667c9.373-9.373 24.569-9.373 33.941 0L285.475 239.03c9.373 9.372 9.373 24.568.001 33.941z\"><\/path><\/svg>\t\t\t\t\t\t<\/span>\n\t\t\t\t\t\t\t\t\t\t<span class=\"elementor-icon-list-text\">Politique de confidentialit\u00e9<\/span>\n\t\t\t\t\t\t\t\t\t\t\t<\/a>\n\t\t\t\t\t\t\t\t\t<\/li>\n\t\t\t\t\t\t<\/ul>\n\t\t\t\t\t\t<\/div>\n\t\t\t\t<\/div>\n\t\t\t\t\t<\/div>\n\t\t\t\t<\/div>\n\t\t<div class=\"elementor-element elementor-element-e16abe5 e-flex e-con-boxed e-con e-parent\" data-id=\"e16abe5\" data-element_type=\"container\">\n\t\t\t\t\t<div class=\"e-con-inner\">\n\t\t\t\t<div class=\"elementor-element elementor-element-a61781f elementor-widget elementor-widget-heading\" data-id=\"a61781f\" data-element_type=\"widget\" data-widget_type=\"heading.default\">\n\t\t\t\t<div class=\"elementor-widget-container\">\n\t\t\t\t\t<h2 class=\"elementor-heading-title elementor-size-default\">R\u00e8gles relatives \u00e0 la s\u00e9curit\u00e9 de vos donn\u00e9es et au service d'excavatrices d'occasion<\/h2>\t\t\t\t<\/div>\n\t\t\t\t<\/div>\n\t\t\t\t<div class=\"elementor-element elementor-element-c4fb5b0 elementor-widget elementor-widget-text-editor\" data-id=\"c4fb5b0\" data-element_type=\"widget\" data-widget_type=\"text-editor.default\">\n\t\t\t\t<div class=\"elementor-widget-container\">\n\t\t\t\t\t\t\t\t\t<p data-start=\"172\" data-end=\"552\">Nous appr\u00e9cions votre confiance et traitons vos donn\u00e9es avec le plus grand soin. La pr\u00e9sente politique de confidentialit\u00e9 explique comment nous collectons, utilisons et prot\u00e9geons vos informations lorsque vous visitez notre site Web ou demandez des informations sur des pelles hydrauliques d'occasion et d'autres machines. Nous veillons \u00e0 ce que cette politique reste simple afin que chaque utilisateur, partenaire et acheteur puisse comprendre comment nous traitons les donn\u00e9es avec honn\u00eatet\u00e9 et soin.<\/p><p data-start=\"554\" data-end=\"917\"><strong data-start=\"554\" data-end=\"583\">1. Quelles donn\u00e9es collectons-nous ?<br \/><\/strong>Nous recueillons les informations que vous partagez lorsque vous utilisez nos formulaires de contact, lorsque vous nous appelez ou lorsque vous nous envoyez des messages. Il peut s'agir de votre nom, de votre num\u00e9ro de t\u00e9l\u00e9phone, des besoins de votre chantier, du type de machine, du nom de votre entreprise, ainsi que de la ville, de la r\u00e9gion et du pays de livraison. Nous pouvons \u00e9galement obtenir des informations techniques \u00e0 partir de votre appareil, telles que le type de navigateur, la zone IP, les pages que vous ouvrez, les clics que vous effectuez et le temps pass\u00e9 \u00e0 lire. Cela nous aide \u00e0 comprendre comment les utilisateurs naviguent sur notre site et ce qui les int\u00e9resse le plus.<\/p><p data-start=\"919\" data-end=\"1392\"><strong data-start=\"919\" data-end=\"953\">2. Comment nous utilisons vos donn\u00e9es<\/strong><br data-start=\"953\" data-end=\"956\" \/>Nous utilisons vos donn\u00e9es pour r\u00e9pondre \u00e0 vos questions, vous pr\u00e9senter les options disponibles pour les machines, planifier des visites de test sur site, d\u00e9finir les \u00e9tapes de livraison, partager des factures et vous fournir une assistance apr\u00e8s-vente si n\u00e9cessaire. Nous pouvons utiliser votre num\u00e9ro de t\u00e9l\u00e9phone pour vous envoyer des mises \u00e0 jour par <span class=\"hover:entity-accent entity-underline inline cursor-pointer align-baseline\"><span class=\"whitespace-normal\">WhatsApp<\/span><\/span> si vous en faites la demande. Nous pouvons utiliser vos coordonn\u00e9es pour planifier l'exp\u00e9dition des machines avec des partenaires de transport routier ou maritime fiables dans toute la Chine. Nous utilisons \u00e9galement ces donn\u00e9es pour rendre notre service plus rapide et plus s\u00fbr pour les acheteurs.<\/p><p data-start=\"1394\" data-end=\"1746\"><strong data-start=\"1394\" data-end=\"1434\">3. R\u00e8gles relatives au partage des donn\u00e9es<br \/><\/strong>Nous ne vendons pas vos donn\u00e9es \u00e0 des tiers. Nous ne partageons vos informations que lorsque cela est n\u00e9cessaire pour r\u00e9aliser les prestations que vous demandez. Cela peut inclure le partage d'informations avec :<\/p><ul data-start=\"1595\" data-end=\"1812\"><li data-start=\"1595\" data-end=\"1654\"><p data-start=\"1597\" data-end=\"1654\">\u00c9quipes locales charg\u00e9es du transport, de la grue, du camion ou du port pour la livraison.<\/p><\/li><li data-start=\"1655\" data-end=\"1712\"><p data-start=\"1657\" data-end=\"1712\">\u00c9quipes d'inspection technique qui testent les machines sur les chantiers navals.<\/p><\/li><li data-start=\"1713\" data-end=\"1764\"><p data-start=\"1715\" data-end=\"1764\">Services d'enregistrement des paiements pour v\u00e9rifier la s\u00e9curit\u00e9 des \u00e9tapes de financement.<\/p><\/li><li data-start=\"1765\" data-end=\"1812\"><p data-start=\"1767\" data-end=\"1812\">Groupes juridiques si les r\u00e8gles locales ou nationales l'exigent.<\/p><\/li><\/ul><p data-start=\"1814\" data-end=\"1993\">Pour plus de clart\u00e9 quant aux marques, notre stock peut inclure des machines d'occasion de marques telles que <span class=\"hover:entity-accent entity-underline inline cursor-pointer align-baseline\"><span class=\"whitespace-normal\">Chenille<\/span><\/span> et d'autres, mais nous ne partageons jamais les donn\u00e9es des acheteurs avec les marques ou les revendeurs.<\/p><p data-start=\"1748\" data-end=\"2138\"><strong data-start=\"1748\" data-end=\"1783\">4. Cookies et suivi<br \/><\/strong>Nous utilisons des cookies et des balises de suivi pour conna\u00eetre la mani\u00e8re dont les utilisateurs cliquent, font d\u00e9filer et effectuent des recherches. Les cookies permettent d'acc\u00e9l\u00e9rer le chargement des pages et de m\u00e9moriser les mouvements des utilisateurs sans enregistrer le contenu des fichiers personnels. Les balises de suivi nous aident \u00e0 am\u00e9liorer la conception des pages, le flux de texte et la disposition des informations techniques en fonction du comportement r\u00e9el sur le site. Vous pouvez d\u00e9sactiver les cookies dans les param\u00e8tres de votre navigateur, mais certaines pages risquent alors de se charger plus lentement ou de perdre les \u00e9tapes enregistr\u00e9es dans les formulaires.<\/p><p data-start=\"2140\" data-end=\"2542\"><strong data-start=\"2140\" data-end=\"2169\">5. Mesures de protection des donn\u00e9es<br \/><\/strong>Nous utilisons des outils de s\u00e9curit\u00e9 performants pour prot\u00e9ger vos donn\u00e9es contre les fuites, les piratages et les acc\u00e8s ind\u00e9sirables. Nous prot\u00e9geons les donn\u00e9es en :<\/p><ul data-start=\"2563\" data-end=\"2715\"><li data-start=\"2563\" data-end=\"2586\"><p data-start=\"2565\" data-end=\"2586\">Acc\u00e8s au serveur verrouill\u00e9.<\/p><\/li><li data-start=\"2587\" data-end=\"2606\"><p data-start=\"2589\" data-end=\"2606\">Protections du code.<\/p><\/li><li data-start=\"2607\" data-end=\"2633\"><p data-start=\"2609\" data-end=\"2633\">R\u00e8gles relatives au stockage s\u00e9curis\u00e9 des donn\u00e9es.<\/p><\/li><li data-start=\"2634\" data-end=\"2673\"><p data-start=\"2636\" data-end=\"2673\">Formation du personnel \u00e0 la gestion des dossiers priv\u00e9s.<\/p><\/li><li data-start=\"2674\" data-end=\"2715\"><p data-start=\"2676\" data-end=\"2715\">Tester r\u00e9guli\u00e8rement notre site pour d\u00e9tecter ses points faibles.<\/p><\/li><\/ul><p data-start=\"2717\" data-end=\"2804\">Notre \u00e9quipe n'acc\u00e8de \u00e0 vos donn\u00e9es que pour r\u00e9pondre \u00e0 des besoins li\u00e9s au service, et nous conservons des journaux propres et s\u00e9curis\u00e9s.<\/p><p data-start=\"2544\" data-end=\"2882\"><strong data-start=\"2544\" data-end=\"2574\">6. Dur\u00e9e de conservation des donn\u00e9es<\/strong><br data-start=\"2574\" data-end=\"2577\" \/>Nous conservons vos donn\u00e9es uniquement pendant la dur\u00e9e n\u00e9cessaire aux \u00e9tapes commerciales, \u00e0 l'exp\u00e9dition des machines, \u00e0 l'inspection, aux fichiers de facturation ou aux plans apr\u00e8s-vente. La plupart des donn\u00e9es de contact sont conserv\u00e9es pendant 24 mois \u00e0 compter du dernier message afin de faciliter vos futurs achats. Apr\u00e8s 24 mois, nous pouvons supprimer les anciennes donn\u00e9es si elles ne sont plus utiles au service actif ou aux r\u00e8gles commerciales.<\/p><p data-start=\"2884\" data-end=\"3182\"><strong data-start=\"2884\" data-end=\"2914\">7. Vos droits en tant qu'utilisateur<br \/><\/strong>Vous avez le droit de nous demander :<\/p><ul data-start=\"3225\" data-end=\"3397\"><li data-start=\"3225\" data-end=\"3261\"><p data-start=\"3227\" data-end=\"3261\">Montrez quelles donn\u00e9es nous avons enregistr\u00e9es \u00e0 votre sujet.<\/p><\/li><li data-start=\"3262\" data-end=\"3298\"><p data-start=\"3264\" data-end=\"3298\">Corrigez toute erreur dans les donn\u00e9es enregistr\u00e9es.<\/p><\/li><li data-start=\"3299\" data-end=\"3330\"><p data-start=\"3301\" data-end=\"3330\">Supprimer les donn\u00e9es de nos syst\u00e8mes.<\/p><\/li><li data-start=\"3331\" data-end=\"3366\"><p data-start=\"3333\" data-end=\"3366\">Arr\u00eatez de recevoir les mises \u00e0 jour sur les machines.<\/p><\/li><li data-start=\"3367\" data-end=\"3397\"><p data-start=\"3369\" data-end=\"3397\">D\u00e9sactivez les messages marketing.<\/p><\/li><\/ul><p data-start=\"3399\" data-end=\"3485\">Nous traiterons votre demande dans un d\u00e9lai raisonnable, conform\u00e9ment aux r\u00e8gles commerciales locales en vigueur en Chine.<\/p><p data-start=\"3184\" data-end=\"3482\"><strong data-start=\"3184\" data-end=\"3213\">8. Donn\u00e9es relatives aux enfants de moins de 13 ans<\/strong><br data-start=\"3213\" data-end=\"3216\" \/>Nos services s'adressent aux acheteurs professionnels, aux utilisateurs de machines et aux \u00e9quipes de chantier. Nous ne ciblons pas les enfants de moins de 13 ans. Si nous apprenons que les donn\u00e9es d'un utilisateur proviennent d'une personne \u00e2g\u00e9e de moins de 13 ans, nous les supprimerons rapidement, sauf si une disposition l\u00e9gale nous oblige \u00e0 conserver les fichiers d'enregistrement.<\/p><p data-start=\"3184\" data-end=\"3482\"><strong data-start=\"3184\" data-end=\"3213\">9. Utilisation des adresses \u00e9lectroniques et des coordonn\u00e9es<br \/><\/strong>Si vous nous communiquez votre adresse e-mail, nous pouvons l'utiliser pour vous envoyer des listes de machines, des rapports de test, des devis, des factures, des plans de livraison, des mises \u00e0 jour de pi\u00e8ces et des guides d'entretien. Nous n'envoyons pas de spam. Nous envoyons uniquement des messages d'aide ou des mises \u00e0 jour que vous avez demand\u00e9s.<\/p><p data-start=\"3184\" data-end=\"3482\"><strong data-start=\"3184\" data-end=\"3213\">10. Messages marketing<\/strong><br data-start=\"3213\" data-end=\"3216\" \/>Nous pouvons envoyer des actualit\u00e9s, des offres ou des mises \u00e0 jour sur les stocks par e-mail, SMS ou <span class=\"hover:entity-accent entity-underline inline cursor-pointer align-baseline\"><span class=\"whitespace-normal\">WhatsApp Business<\/span><\/span> si vous acceptez ou en faites la demande. Vous pouvez vous d\u00e9sinscrire \u00e0 tout moment.<\/p><p data-start=\"3184\" data-end=\"3482\"><strong data-start=\"3184\" data-end=\"3213\">11. Assistance juridique<br \/><\/strong>Nous pouvons envoyer des actualit\u00e9s, des offres ou des mises \u00e0 jour sur les stocks par e-mail, SMS ou <span class=\"hover:entity-accent entity-underline inline cursor-pointer align-baseline\"><span class=\"whitespace-normal\">WhatsApp Business<\/span><\/span> si vous acceptez ou en faites la demande. Vous pouvez vous d\u00e9sinscrire \u00e0 tout moment.<strong data-start=\"3184\" data-end=\"3213\"><br \/><\/strong><\/p><p data-start=\"3184\" data-end=\"3482\"><strong data-start=\"3184\" data-end=\"3213\">11. Note finale<br \/><\/strong>Nous travaillons dur pour prot\u00e9ger vos donn\u00e9es, tout comme nous v\u00e9rifions et r\u00e9parons nos machines d'occasion. Notre attention d\u00e9coule de notre honn\u00eatet\u00e9, de notre souci de la s\u00e9curit\u00e9 et de notre volont\u00e9 de satisfaire chaque acheteur. Si vous avez des questions, n'h\u00e9sitez pas \u00e0 nous les poser \u00e0 tout moment par formulaire, appel t\u00e9l\u00e9phonique ou message.<strong data-start=\"3184\" data-end=\"3213\"><br \/><\/strong><\/p>\t\t\t\t\t\t\t\t<\/div>\n\t\t\t\t<\/div>\n\t\t\t\t\t<\/div>\n\t\t\t\t<\/div>\n\t\t\t\t<\/div>","protected":false},"excerpt":{"rendered":"<p>Home Your Data Safety and Used Excavator Service Rules We value your trust and take care of your data with full focus. This Privacy Policy explains how we collect, use, and protect your information when you visit our website or ask about used excavators and other machines. We keep this policy simple so every user, [&hellip;]<\/p>","protected":false},"author":1,"featured_media":0,"parent":0,"menu_order":0,"comment_status":"closed","ping_status":"closed","template":"","meta":{"footnotes":""},"class_list":["post-3","page","type-page","status-publish","hentry"],"_links":{"self":[{"href":"https:\/\/www.rcusedmachinery.com\/fr\/wp-json\/wp\/v2\/pages\/3","targetHints":{"allow":["GET"]}}],"collection":[{"href":"https:\/\/www.rcusedmachinery.com\/fr\/wp-json\/wp\/v2\/pages"}],"about":[{"href":"https:\/\/www.rcusedmachinery.com\/fr\/wp-json\/wp\/v2\/types\/page"}],"author":[{"embeddable":true,"href":"https:\/\/www.rcusedmachinery.com\/fr\/wp-json\/wp\/v2\/users\/1"}],"replies":[{"embeddable":true,"href":"https:\/\/www.rcusedmachinery.com\/fr\/wp-json\/wp\/v2\/comments?post=3"}],"version-history":[{"count":3,"href":"https:\/\/www.rcusedmachinery.com\/fr\/wp-json\/wp\/v2\/pages\/3\/revisions"}],"predecessor-version":[{"id":950,"href":"https:\/\/www.rcusedmachinery.com\/fr\/wp-json\/wp\/v2\/pages\/3\/revisions\/950"}],"wp:attachment":[{"href":"https:\/\/www.rcusedmachinery.com\/fr\/wp-json\/wp\/v2\/media?parent=3"}],"curies":[{"name":"wp","href":"https:\/\/api.w.org\/{rel}","templated":true}]}}