{"id":3,"date":"2025-11-24T02:55:40","date_gmt":"2025-11-24T02:55:40","guid":{"rendered":"https:\/\/lightgreen-owl-815366.hostingersite.com\/?page_id=3"},"modified":"2025-11-28T13:02:13","modified_gmt":"2025-11-28T13:02:13","slug":"datenschutzerklarung","status":"publish","type":"page","link":"https:\/\/www.rcusedmachinery.com\/de\/datenschutzerklarung\/","title":{"rendered":"Datenschutzerkl\u00e4rung"},"content":{"rendered":"<div data-elementor-type=\"wp-page\" data-elementor-id=\"3\" class=\"elementor elementor-3\" data-elementor-post-type=\"page\">\n\t\t\t\t<div class=\"elementor-element elementor-element-a9ba85b e-flex e-con-boxed e-con e-parent\" data-id=\"a9ba85b\" data-element_type=\"container\" data-settings=\"{&quot;background_background&quot;:&quot;classic&quot;}\">\n\t\t\t\t\t<div class=\"e-con-inner\">\n\t\t\t\t<div class=\"elementor-element elementor-element-430e1c2 elementor-widget elementor-widget-heading\" data-id=\"430e1c2\" data-element_type=\"widget\" data-widget_type=\"heading.default\">\n\t\t\t\t<div class=\"elementor-widget-container\">\n\t\t\t\t\t<h1 class=\"elementor-heading-title elementor-size-default\"><a href=\"https:\/\/www.rcusedmachinery.com\/de\/datenschutzerklarung\/\">Datenschutzerkl\u00e4rung<\/a><\/h1>\t\t\t\t<\/div>\n\t\t\t\t<\/div>\n\t\t\t\t\t<\/div>\n\t\t\t\t<\/div>\n\t\t<div class=\"elementor-element elementor-element-429ad27 e-flex e-con-boxed e-con e-child\" data-id=\"429ad27\" data-element_type=\"container\" data-settings=\"{&quot;background_background&quot;:&quot;classic&quot;}\">\n\t\t\t\t\t<div class=\"e-con-inner\">\n\t\t\t\t<div class=\"elementor-element elementor-element-7a10f60 elementor-icon-list--layout-inline elementor-list-item-link-full_width elementor-widget elementor-widget-icon-list\" data-id=\"7a10f60\" data-element_type=\"widget\" data-widget_type=\"icon-list.default\">\n\t\t\t\t<div class=\"elementor-widget-container\">\n\t\t\t\t\t\t\t<ul class=\"elementor-icon-list-items elementor-inline-items\">\n\t\t\t\t\t\t\t<li class=\"elementor-icon-list-item elementor-inline-item\">\n\t\t\t\t\t\t\t\t\t\t\t<a href=\"https:\/\/www.rcusedmachinery.com\/de\">\n\n\t\t\t\t\t\t\t\t\t\t\t\t<span class=\"elementor-icon-list-icon\">\n\t\t\t\t\t\t\t<svg aria-hidden=\"true\" class=\"e-font-icon-svg e-fas-home\" viewbox=\"0 0 576 512\" xmlns=\"http:\/\/www.w3.org\/2000\/svg\"><path d=\"M280.37 148.26L96 300.11V464a16 16 0 0 0 16 16l112.06-.29a16 16 0 0 0 15.92-16V368a16 16 0 0 1 16-16h64a16 16 0 0 1 16 16v95.64a16 16 0 0 0 16 16.05L464 480a16 16 0 0 0 16-16V300L295.67 148.26a12.19 12.19 0 0 0-15.3 0zM571.6 251.47L488 182.56V44.05a12 12 0 0 0-12-12h-56a12 12 0 0 0-12 12v72.61L318.47 43a48 48 0 0 0-61 0L4.34 251.47a12 12 0 0 0-1.6 16.9l25.5 31A12 12 0 0 0 45.15 301l235.22-193.74a12.19 12.19 0 0 1 15.3 0L530.9 301a12 12 0 0 0 16.9-1.6l25.5-31a12 12 0 0 0-1.7-16.93z\"><\/path><\/svg>\t\t\t\t\t\t<\/span>\n\t\t\t\t\t\t\t\t\t\t<span class=\"elementor-icon-list-text\">Startseite<\/span>\n\t\t\t\t\t\t\t\t\t\t\t<\/a>\n\t\t\t\t\t\t\t\t\t<\/li>\n\t\t\t\t\t\t\t\t<li class=\"elementor-icon-list-item elementor-inline-item\">\n\t\t\t\t\t\t\t\t\t\t\t<a href=\"https:\/\/www.rcusedmachinery.com\/de\/datenschutzerklarung\/\">\n\n\t\t\t\t\t\t\t\t\t\t\t\t<span class=\"elementor-icon-list-icon\">\n\t\t\t\t\t\t\t<svg aria-hidden=\"true\" class=\"e-font-icon-svg e-fas-chevron-right\" viewbox=\"0 0 320 512\" xmlns=\"http:\/\/www.w3.org\/2000\/svg\"><path d=\"M285.476 272.971L91.132 467.314c-9.373 9.373-24.569 9.373-33.941 0l-22.667-22.667c-9.357-9.357-9.375-24.522-.04-33.901L188.505 256 34.484 101.255c-9.335-9.379-9.317-24.544.04-33.901l22.667-22.667c9.373-9.373 24.569-9.373 33.941 0L285.475 239.03c9.373 9.372 9.373 24.568.001 33.941z\"><\/path><\/svg>\t\t\t\t\t\t<\/span>\n\t\t\t\t\t\t\t\t\t\t<span class=\"elementor-icon-list-text\">Datenschutzerkl\u00e4rung<\/span>\n\t\t\t\t\t\t\t\t\t\t\t<\/a>\n\t\t\t\t\t\t\t\t\t<\/li>\n\t\t\t\t\t\t<\/ul>\n\t\t\t\t\t\t<\/div>\n\t\t\t\t<\/div>\n\t\t\t\t\t<\/div>\n\t\t\t\t<\/div>\n\t\t<div class=\"elementor-element elementor-element-e16abe5 e-flex e-con-boxed e-con e-parent\" data-id=\"e16abe5\" data-element_type=\"container\">\n\t\t\t\t\t<div class=\"e-con-inner\">\n\t\t\t\t<div class=\"elementor-element elementor-element-a61781f elementor-widget elementor-widget-heading\" data-id=\"a61781f\" data-element_type=\"widget\" data-widget_type=\"heading.default\">\n\t\t\t\t<div class=\"elementor-widget-container\">\n\t\t\t\t\t<h2 class=\"elementor-heading-title elementor-size-default\">Ihre Datensicherheit und Regeln f\u00fcr den Service gebrauchter Bagger<\/h2>\t\t\t\t<\/div>\n\t\t\t\t<\/div>\n\t\t\t\t<div class=\"elementor-element elementor-element-c4fb5b0 elementor-widget elementor-widget-text-editor\" data-id=\"c4fb5b0\" data-element_type=\"widget\" data-widget_type=\"text-editor.default\">\n\t\t\t\t<div class=\"elementor-widget-container\">\n\t\t\t\t\t\t\t\t\t<p data-start=\"172\" data-end=\"552\">Wir sch\u00e4tzen Ihr Vertrauen und gehen mit Ihren Daten \u00e4u\u00dferst sorgf\u00e4ltig um. Diese Datenschutzerkl\u00e4rung erl\u00e4utert, wie wir Ihre Daten erfassen, verwenden und sch\u00fctzen, wenn Sie unsere Website besuchen oder sich nach gebrauchten Baggern und anderen Maschinen erkundigen. Wir halten diese Richtlinie einfach, damit jeder Nutzer, Partner und K\u00e4ufer verstehen kann, wie wir ehrlich und sorgf\u00e4ltig mit Daten umgehen.<\/p><p data-start=\"554\" data-end=\"917\"><strong data-start=\"554\" data-end=\"583\">1. Welche Daten wir sammeln<br \/><\/strong>Wir erfassen Daten, die Sie uns mitteilen, wenn Sie unsere Kontaktformulare nutzen, uns anrufen oder Nachrichten senden. Dazu k\u00f6nnen Ihr Name, Ihre Telefonnummer, Ihre Anforderungen an die Baustelle, der Maschinentyp, der Name Ihres Unternehmens sowie die Stadt, Region und das Land Ihrer Lieferadresse geh\u00f6ren. M\u00f6glicherweise erfassen wir auch technische Daten von Ihrem Ger\u00e4t, wie z. B. den Browsertyp, den IP-Bereich, die von Ihnen ge\u00f6ffneten Seiten, Ihre Klicks und die Verweildauer beim Lesen. Dies hilft uns zu verstehen, wie sich Nutzer auf unserer Website bewegen und was ihnen am wichtigsten ist.<\/p><p data-start=\"919\" data-end=\"1392\"><strong data-start=\"919\" data-end=\"953\">2. Wie wir Ihre Daten verwenden<\/strong><br data-start=\"953\" data-end=\"956\" \/>Wir verwenden Ihre Daten, um Fragen zu beantworten, Maschinenoptionen zu zeigen, Testbesuche vor Ort zu planen, Liefertermine festzulegen, Rechnungen zu versenden und bei Bedarf Kundendienstleistungen zu erbringen. Wir k\u00f6nnen Ihre Telefonnummer verwenden, um Ihnen Updates zu senden. <span class=\"hover:entity-accent entity-underline inline cursor-pointer align-baseline\"><span class=\"whitespace-normal\">WhatsApp<\/span><\/span> auf Anfrage. Wir k\u00f6nnen Ihre Adressdaten verwenden, um den Versand von Maschinen mit sicheren Lkw- oder Hafenpartnern in ganz China zu planen. Wir verwenden Daten auch, um unseren Service f\u00fcr K\u00e4ufer schneller und sicherer zu machen.<\/p><p data-start=\"1394\" data-end=\"1746\"><strong data-start=\"1394\" data-end=\"1434\">3. Regeln f\u00fcr die Weitergabe von Daten<br \/><\/strong>Wir verkaufen Ihre Daten nicht an Dritte. Wir geben Ihre Daten nur weiter, wenn dies zur Erbringung der von Ihnen angeforderten Dienstleistungen erforderlich ist. Dies kann die Weitergabe von Daten an folgende Stellen umfassen:<\/p><ul data-start=\"1595\" data-end=\"1812\"><li data-start=\"1595\" data-end=\"1654\"><p data-start=\"1597\" data-end=\"1654\">Lokale Versand-, Kran-, LKW- oder Hafenteams f\u00fcr die Lieferung.<\/p><\/li><li data-start=\"1655\" data-end=\"1712\"><p data-start=\"1657\" data-end=\"1712\">Technische Inspektionsteams, die Maschinen auf Werftgel\u00e4nden testen.<\/p><\/li><li data-start=\"1713\" data-end=\"1764\"><p data-start=\"1715\" data-end=\"1764\">Zahlungsaufzeichnungsdienste zur \u00dcberpr\u00fcfung sicherer Finanzabl\u00e4ufe.<\/p><\/li><li data-start=\"1765\" data-end=\"1812\"><p data-start=\"1767\" data-end=\"1812\">Rechtsgruppen, wenn lokale oder nationale Vorschriften dies erfordern.<\/p><\/li><\/ul><p data-start=\"1814\" data-end=\"1993\">Aus Gr\u00fcnden der Markenklarheit kann unser Bestand auch Gebrauchtmaschinen von Herstellern wie <span class=\"hover:entity-accent entity-underline inline cursor-pointer align-baseline\"><span class=\"whitespace-normal\">Raupe<\/span><\/span> und andere, aber wir geben niemals K\u00e4uferdaten an Marken oder H\u00e4ndler weiter.<\/p><p data-start=\"1748\" data-end=\"2138\"><strong data-start=\"1748\" data-end=\"1783\">4. Cookies und Tracking<br \/><\/strong>Wir verwenden Cookies und Tracking-Tags, um zu erfahren, wie Benutzer klicken, scrollen und suchen. Cookies helfen dabei, Seiten schneller zu laden und Benutzeraktionen zu speichern, ohne pers\u00f6nliche Dateiinhalte zu speichern. Tracking-Tags helfen uns dabei, das Seitendesign, den Textfluss und das Layout der Maschineninformationen auf der Grundlage des tats\u00e4chlichen Verhaltens auf der Website zu verbessern. Sie k\u00f6nnen Cookies in Ihren Browsereinstellungen deaktivieren, aber einige Seiten werden dann m\u00f6glicherweise langsamer geladen oder gespeicherte Schritte in Formularen gehen verloren.<\/p><p data-start=\"2140\" data-end=\"2542\"><strong data-start=\"2140\" data-end=\"2169\">5. Datenschutzma\u00dfnahmen<br \/><\/strong>Wir verwenden leistungsstarke Sicherheitstools, um Ihre Daten vor Datenlecks, Hackerangriffen und unerw\u00fcnschtem Zugriff zu sch\u00fctzen. Wir sch\u00fctzen Daten durch:<\/p><ul data-start=\"2563\" data-end=\"2715\"><li data-start=\"2563\" data-end=\"2586\"><p data-start=\"2565\" data-end=\"2586\">Serverzugriff gesperrt.<\/p><\/li><li data-start=\"2587\" data-end=\"2606\"><p data-start=\"2589\" data-end=\"2606\">Code-Schutzma\u00dfnahmen.<\/p><\/li><li data-start=\"2607\" data-end=\"2633\"><p data-start=\"2609\" data-end=\"2633\">Regeln f\u00fcr die sichere Datenspeicherung.<\/p><\/li><li data-start=\"2634\" data-end=\"2673\"><p data-start=\"2636\" data-end=\"2673\">Mitarbeiterschulung f\u00fcr die private Dateiverwaltung.<\/p><\/li><li data-start=\"2674\" data-end=\"2715\"><p data-start=\"2676\" data-end=\"2715\">Unsere Website regelm\u00e4\u00dfig auf Schwachstellen \u00fcberpr\u00fcfen.<\/p><\/li><\/ul><p data-start=\"2717\" data-end=\"2804\">Unser Team greift nur auf Ihre Daten zu, um Serviceanfragen zu beantworten, und wir halten die Protokolle sauber und sicher.<\/p><p data-start=\"2544\" data-end=\"2882\"><strong data-start=\"2544\" data-end=\"2574\">6. Wie lange wir Daten aufbewahren<\/strong><br data-start=\"2574\" data-end=\"2577\" \/>Wir speichern Ihre Daten nur so lange, wie es f\u00fcr gesch\u00e4ftliche Schritte, den Versand von Maschinen, Inspektionen, Rechnungsunterlagen oder After-Sales-Pl\u00e4ne erforderlich ist. Die meisten Kontaktdaten bleiben 24 Monate nach der letzten Nachricht gespeichert, um Ihre zuk\u00fcnftigen K\u00e4ufe schneller unterst\u00fctzen zu k\u00f6nnen. Nach 24 Monaten k\u00f6nnen wir alte Daten l\u00f6schen, wenn sie f\u00fcr aktive Dienstleistungen oder Gesch\u00e4ftsregeln nicht mehr erforderlich sind.<\/p><p data-start=\"2884\" data-end=\"3182\"><strong data-start=\"2884\" data-end=\"2914\">7. Ihre Rechte als Nutzer<br \/><\/strong>Sie haben das Recht, von uns Folgendes zu verlangen:<\/p><ul data-start=\"3225\" data-end=\"3397\"><li data-start=\"3225\" data-end=\"3261\"><p data-start=\"3227\" data-end=\"3261\">Zeigen Sie, welche Daten wir \u00fcber Sie gespeichert haben.<\/p><\/li><li data-start=\"3262\" data-end=\"3298\"><p data-start=\"3264\" data-end=\"3298\">Korrigiere alle falschen Angaben in den gespeicherten Daten.<\/p><\/li><li data-start=\"3299\" data-end=\"3330\"><p data-start=\"3301\" data-end=\"3330\">Daten aus unseren Systemen l\u00f6schen.<\/p><\/li><li data-start=\"3331\" data-end=\"3366\"><p data-start=\"3333\" data-end=\"3366\">Keine Updates mehr auf Maschinen erhalten.<\/p><\/li><li data-start=\"3367\" data-end=\"3397\"><p data-start=\"3369\" data-end=\"3397\">Marketing-Nachrichten deaktivieren.<\/p><\/li><\/ul><p data-start=\"3399\" data-end=\"3485\">Wir werden Ihrer Anfrage innerhalb eines sicheren Zeitfensters gem\u00e4\u00df den lokalen Gesch\u00e4ftsregeln in China nachkommen.<\/p><p data-start=\"3184\" data-end=\"3482\"><strong data-start=\"3184\" data-end=\"3213\">8. Daten f\u00fcr Kinder unter 13 Jahren<\/strong><br data-start=\"3213\" data-end=\"3216\" \/>Unsere Dienstleistungen richten sich an gewerbliche K\u00e4ufer, Maschinenbenutzer und Baustellenteams. Wir richten uns nicht an Kinder unter 13 Jahren. Wenn wir erfahren, dass Daten von einem Benutzer stammen, der j\u00fcnger als 13 Jahre ist, werden wir diese umgehend l\u00f6schen, es sei denn, wir sind gesetzlich verpflichtet, die Daten aufzubewahren.<\/p><p data-start=\"3184\" data-end=\"3482\"><strong data-start=\"3184\" data-end=\"3213\">9. Verwendung von E-Mail- und Kontaktdaten<br \/><\/strong>Wenn Sie uns Ihre E-Mail-Adresse mitteilen, k\u00f6nnen wir diese verwenden, um Maschinenlisten, Testberichte, Angebote, Rechnungen, Lieferpl\u00e4ne, Teileaktualisierungen und Serviceanleitungen zu versenden. Wir versenden keine Spam-Mails. Wir versenden nur echte, hilfreiche Nachrichten oder Aktualisierungen, um die Sie gebeten haben.<\/p><p data-start=\"3184\" data-end=\"3482\"><strong data-start=\"3184\" data-end=\"3213\">10. Marketingbotschaften<\/strong><br data-start=\"3213\" data-end=\"3216\" \/>Wir k\u00f6nnen Ihnen Neuigkeiten, Angebote oder Bestandsaktualisierungen per E-Mail, SMS oder <span class=\"hover:entity-accent entity-underline inline cursor-pointer align-baseline\"><span class=\"whitespace-normal\">WhatsApp Business<\/span><\/span> wenn Sie zustimmen oder darum bitten. Sie k\u00f6nnen sich jederzeit abmelden.<\/p><p data-start=\"3184\" data-end=\"3482\"><strong data-start=\"3184\" data-end=\"3213\">11. Rechtliche Betreuung<br \/><\/strong>Wir k\u00f6nnen Ihnen Neuigkeiten, Angebote oder Bestandsaktualisierungen per E-Mail, SMS oder <span class=\"hover:entity-accent entity-underline inline cursor-pointer align-baseline\"><span class=\"whitespace-normal\">WhatsApp Business<\/span><\/span> wenn Sie zustimmen oder darum bitten. Sie k\u00f6nnen sich jederzeit abmelden.<strong data-start=\"3184\" data-end=\"3213\"><br \/><\/strong><\/p><p data-start=\"3184\" data-end=\"3482\"><strong data-start=\"3184\" data-end=\"3213\">11. Schlussbemerkung<br \/><\/strong>Wir arbeiten hart daran, Ihre Daten zu sch\u00fctzen, genauso wie wir unsere gebrauchten Maschinen \u00fcberpr\u00fcfen und reparieren. Unsere Sorgfalt basiert auf Ehrlichkeit, Sicherheit und dem richtigen Umgang mit jedem K\u00e4ufer. Wenn Sie Fragen haben, k\u00f6nnen Sie uns jederzeit per Formular, Telefon oder Nachricht kontaktieren.<strong data-start=\"3184\" data-end=\"3213\"><br \/><\/strong><\/p>\t\t\t\t\t\t\t\t<\/div>\n\t\t\t\t<\/div>\n\t\t\t\t\t<\/div>\n\t\t\t\t<\/div>\n\t\t\t\t<\/div>","protected":false},"excerpt":{"rendered":"<p>Home Your Data Safety and Used Excavator Service Rules We value your trust and take care of your data with full focus. This Privacy Policy explains how we collect, use, and protect your information when you visit our website or ask about used excavators and other machines. We keep this policy simple so every user, [&hellip;]<\/p>","protected":false},"author":1,"featured_media":0,"parent":0,"menu_order":0,"comment_status":"closed","ping_status":"closed","template":"","meta":{"footnotes":""},"class_list":["post-3","page","type-page","status-publish","hentry"],"_links":{"self":[{"href":"https:\/\/www.rcusedmachinery.com\/de\/wp-json\/wp\/v2\/pages\/3","targetHints":{"allow":["GET"]}}],"collection":[{"href":"https:\/\/www.rcusedmachinery.com\/de\/wp-json\/wp\/v2\/pages"}],"about":[{"href":"https:\/\/www.rcusedmachinery.com\/de\/wp-json\/wp\/v2\/types\/page"}],"author":[{"embeddable":true,"href":"https:\/\/www.rcusedmachinery.com\/de\/wp-json\/wp\/v2\/users\/1"}],"replies":[{"embeddable":true,"href":"https:\/\/www.rcusedmachinery.com\/de\/wp-json\/wp\/v2\/comments?post=3"}],"version-history":[{"count":3,"href":"https:\/\/www.rcusedmachinery.com\/de\/wp-json\/wp\/v2\/pages\/3\/revisions"}],"predecessor-version":[{"id":950,"href":"https:\/\/www.rcusedmachinery.com\/de\/wp-json\/wp\/v2\/pages\/3\/revisions\/950"}],"wp:attachment":[{"href":"https:\/\/www.rcusedmachinery.com\/de\/wp-json\/wp\/v2\/media?parent=3"}],"curies":[{"name":"wp","href":"https:\/\/api.w.org\/{rel}","templated":true}]}}